{"id":11223,"date":"2025-01-18T17:23:15","date_gmt":"2025-01-18T16:23:15","guid":{"rendered":"https:\/\/vpdanses.fr\/home\/bienvenue-chez-vp-danses-hazebrouck\/?page_id=11223"},"modified":"2025-01-18T17:23:15","modified_gmt":"2025-01-18T16:23:15","slug":"carte-exclusive-huit-cours-prives-vp-danses","status":"publish","type":"page","link":"https:\/\/vpdanses.fr\/home\/bienvenue-chez-vp-danses-hazebrouck\/carte-exclusive-huit-cours-prives-vp-danses\/","title":{"rendered":"Achetez une \u00ab\u00a0Carte Exclusive 8 cours priv\u00e9s VP DANSES\u00a0\u00bb !"},"content":{"rendered":"<div class=\"wpb-content-wrapper\"><p>[vc_row][vc_column css=\u00a0\u00bb.vc_custom_1735319409680{margin-right: 20px !important;margin-left: 20px !important;border-right-width: 20px !important;border-left-width: 20px !important;padding-right: 20px !important;padding-left: 20px !important;}\u00a0\u00bb][vc_column_text css=\u00a0\u00bb\u00a0\u00bb]<\/p>\r\n<p><span class=\"AnswerParser_TextContainer__z_Iiv\" data-testid=\"youchat-text\"><strong>Lib\u00e9rez votre passion pour la danse avec notre Carte Exclusive 8 cours priv\u00e9s VP DANSES!<\/strong> <\/span><\/p>\r\n<p><span class=\"AnswerParser_TextContainer__z_Iiv\" data-testid=\"youchat-text\">Que vous soyez d\u00e9butant(e) ou danseur(euses) exp\u00e9riment\u00e9(es), nos cours personnalis\u00e9s vous aideront \u00e0 perfectionner votre technique et \u00e0 exprimer votre cr\u00e9ativit\u00e9 sur la piste. Rejoignez-nous pour une exp\u00e9rience inoubliable, o\u00f9 chaque pas vous rapproche de votre r\u00eave de danse. <\/span><\/p>\r\n<p>Faites de la <strong>Carte Exclusive 8 Cours Priv\u00e9s VP DANSES<\/strong>, un exp\u00e9rience personnelle et unique !<\/p>\r\n<hr class=\"wp-block-separator has-alpha-channel-opacity\" \/><!-- \/wp:post-content -->\r\n<p><!-- wp:shortcode --><br \/><div class=\"gift-up-target\" \r\n            data-site-id=\"efdaade7-5a2d-4df2-4f90-08dd210e7355\" \r\n            data-domain=\"\"\r\n            data-product-id=\"\"\r\n            data-group-id=\"\"\r\n            data-payment-methods=\"\"\r\n            data-language=\"\"\r\n            data-purchaser-name=\"\"\r\n            data-purchaser-email=\"\"\r\n            data-recipient-name=\"\"\r\n            data-recipient-email=\"\"\r\n            data-step=\"\"\r\n            data-who-for=\"\"\r\n            data-promo-code=\"\"\r\n            data-hide-artwork=\"\"\r\n            data-hide-groups=\"\"\r\n            data-hide-ungrouped-items=\"\"\r\n            data-hide-custom-value=\"\"\r\n            data-custom-value-amount=\"\"\r\n            data-referrer=\"\"\r\n            data-platform=\"Wordpress\"\r\n        ><\/div>\r\n        <script type=\"text\/javascript\">\r\n        (function (g, i, f, t, u, p, s) {\r\n            g[u] = g[u] || function() { (g[u].q = g[u].q || []).push(arguments) };\r\n            p = i.createElement(f);\r\n            p.async = 1;\r\n            p.src = t;\r\n            s = i.getElementsByTagName(f)[0];\r\n            s.parentNode.insertBefore(p, s);\r\n        })(window, document, 'script', 'https:\/\/cdn.giftup.app\/dist\/gift-up.js', 'giftup');\r\n        <\/script><\/p>\r\n<!-- \/wp:shortcode -->\r\n<p><!-- wp:paragraph \/-->\u00a0<\/p>\r\n<p>[\/vc_column_text][\/vc_column][\/vc_row]<\/p><\/div>","protected":false},"excerpt":{"rendered":"<p>[vc_row][vc_column css=\u00a0\u00bb.vc_custom_1735319409680{margin-right: 20px !important;margin-left: 20px !important;border-right-width: 20px !important;border-left-width: 20px !important;padding-right: 20px !important;padding-left: 20px !important;}\u00a0\u00bb][vc_column_text css=\u00a0\u00bb\u00a0\u00bb] Lib\u00e9rez votre passion pour la danse avec notre Carte Exclusive 8 cours priv\u00e9s VP DANSES! [&hellip;]<\/p>\n","protected":false},"author":1,"featured_media":10802,"parent":0,"menu_order":0,"comment_status":"open","ping_status":"closed","template":"","meta":{"_uag_custom_page_level_css":"","_price":"","_stock":"","_tribe_ticket_header":"","_tribe_default_ticket_provider":"","_tribe_ticket_capacity":"0","_ticket_start_date":"","_ticket_end_date":"","_tribe_ticket_show_description":"","_tribe_ticket_show_not_going":false,"_tribe_ticket_use_global_stock":"","_tribe_ticket_global_stock_level":"","_global_stock_mode":"","_global_stock_cap":"","_tribe_rsvp_for_event":"","_tribe_ticket_going_count":"","_tribe_ticket_not_going_count":"","_tribe_tickets_list":"[]","_tribe_ticket_has_attendee_info_fields":false,"_EventAllDay":false,"_EventTimezone":"","_EventStartDate":"","_EventEndDate":"","_EventStartDateUTC":"","_EventEndDateUTC":"","_EventShowMap":false,"_EventShowMapLink":false,"_EventURL":"","_EventCost":"","_EventCostDescription":"","_EventCurrencySymbol":"","_EventCurrencyCode":"","_EventCurrencyPosition":"","_EventDateTimeSeparator":"","_EventTimeRangeSeparator":"","_EventOrganizerID":[],"_EventVenueID":[],"_OrganizerEmail":"","_OrganizerPhone":"","_OrganizerWebsite":"","_VenueAddress":"","_VenueCity":"","_VenueCountry":"","_VenueProvince":"","_VenueState":"","_VenueZip":"","_VenuePhone":"","_VenueURL":"","_VenueStateProvince":"","_VenueLat":"","_VenueLng":"","_VenueShowMap":false,"_VenueShowMapLink":false,"_vp_format_video_url":"","_vp_image_focal_point":[],"footnotes":"","_tec_slr_enabled":"","_tec_slr_layout":""},"class_list":["post-11223","page","type-page","status-publish","has-post-thumbnail","hentry"],"yoast_head":"<!-- This site is optimized with the Yoast SEO Premium plugin v25.6 (Yoast SEO v25.6) - https:\/\/yoast.com\/wordpress\/plugins\/seo\/ -->\n<title>Achetez une &quot;Carte Exclusive 8 cours priv\u00e9s VP DANSES&quot; ! - VP DANSES, cours de Danse Sportive \u00e0 Aire-sur-la-Lys et \u00e0 Saint-Jans-Cappel (Hauts-de-France)<\/title>\n<meta name=\"robots\" content=\"index, follow, max-snippet:-1, max-image-preview:large, max-video-preview:-1\" \/>\n<link rel=\"canonical\" href=\"https:\/\/vpdanses.fr\/home\/bienvenue-chez-vp-danses-hazebrouck\/carte-exclusive-huit-cours-prives-vp-danses\/\" \/>\n<meta property=\"og:locale\" content=\"fr_FR\" \/>\n<meta property=\"og:type\" content=\"article\" \/>\n<meta property=\"og:title\" content=\"Achetez une &quot;Carte Exclusive 8 cours priv\u00e9s VP DANSES&quot; !\" \/>\n<meta property=\"og:description\" content=\"[vc_row][vc_column css=\u00a0\u00bb.vc_custom_1735319409680{margin-right: 20px !important;margin-left: 20px !important;border-right-width: 20px !important;border-left-width: 20px !important;padding-right: 20px !important;padding-left: 20px !important;}\u00a0\u00bb][vc_column_text css=\u00a0\u00bb\u00a0\u00bb] Lib\u00e9rez votre passion pour la danse avec notre Carte Exclusive 8 cours priv\u00e9s VP DANSES! [&hellip;]\" \/>\n<meta property=\"og:url\" content=\"https:\/\/vpdanses.fr\/home\/bienvenue-chez-vp-danses-hazebrouck\/carte-exclusive-huit-cours-prives-vp-danses\/\" \/>\n<meta property=\"og:site_name\" content=\"VP DANSES, cours de Danse Sportive \u00e0 Aire-sur-la-Lys et \u00e0 Saint-Jans-Cappel (Hauts-de-France)\" \/>\n<meta property=\"og:image\" content=\"https:\/\/vpdanses.fr\/wp-content\/uploads\/2024\/12\/2024-12-27_1714.VP_danses.Carte_Cadeau.jpg\" \/>\n\t<meta property=\"og:image:width\" content=\"576\" \/>\n\t<meta property=\"og:image:height\" content=\"384\" \/>\n\t<meta property=\"og:image:type\" content=\"image\/jpeg\" \/>\n<meta name=\"twitter:card\" content=\"summary_large_image\" \/>\n<meta name=\"twitter:label1\" content=\"Dur\u00e9e de lecture estim\u00e9e\" \/>\n\t<meta name=\"twitter:data1\" content=\"1 minute\" \/>\n<script type=\"application\/ld+json\" class=\"yoast-schema-graph\">{\"@context\":\"https:\/\/schema.org\",\"@graph\":[{\"@type\":\"WebPage\",\"@id\":\"https:\/\/vpdanses.fr\/home\/bienvenue-chez-vp-danses-hazebrouck\/carte-exclusive-huit-cours-prives-vp-danses\/\",\"url\":\"https:\/\/vpdanses.fr\/home\/bienvenue-chez-vp-danses-hazebrouck\/carte-exclusive-huit-cours-prives-vp-danses\/\",\"name\":\"Achetez une \\\"Carte Exclusive 8 cours priv\u00e9s VP DANSES\\\" ! - VP DANSES, cours de Danse Sportive \u00e0 Aire-sur-la-Lys et \u00e0 Saint-Jans-Cappel (Hauts-de-France)\",\"isPartOf\":{\"@id\":\"https:\/\/vpdanses.fr\/home\/bienvenue-chez-vp-danses-hazebrouck\/#website\"},\"primaryImageOfPage\":{\"@id\":\"https:\/\/vpdanses.fr\/home\/bienvenue-chez-vp-danses-hazebrouck\/carte-exclusive-huit-cours-prives-vp-danses\/#primaryimage\"},\"image\":{\"@id\":\"https:\/\/vpdanses.fr\/home\/bienvenue-chez-vp-danses-hazebrouck\/carte-exclusive-huit-cours-prives-vp-danses\/#primaryimage\"},\"thumbnailUrl\":\"https:\/\/vpdanses.fr\/wp-content\/uploads\/2024\/12\/2024-12-27_1714.VP_danses.Carte_Cadeau.jpg\",\"datePublished\":\"2025-01-18T16:23:15+00:00\",\"breadcrumb\":{\"@id\":\"https:\/\/vpdanses.fr\/home\/bienvenue-chez-vp-danses-hazebrouck\/carte-exclusive-huit-cours-prives-vp-danses\/#breadcrumb\"},\"inLanguage\":\"fr-FR\",\"potentialAction\":[{\"@type\":\"ReadAction\",\"target\":[\"https:\/\/vpdanses.fr\/home\/bienvenue-chez-vp-danses-hazebrouck\/carte-exclusive-huit-cours-prives-vp-danses\/\"]}]},{\"@type\":\"ImageObject\",\"inLanguage\":\"fr-FR\",\"@id\":\"https:\/\/vpdanses.fr\/home\/bienvenue-chez-vp-danses-hazebrouck\/carte-exclusive-huit-cours-prives-vp-danses\/#primaryimage\",\"url\":\"https:\/\/vpdanses.fr\/wp-content\/uploads\/2024\/12\/2024-12-27_1714.VP_danses.Carte_Cadeau.jpg\",\"contentUrl\":\"https:\/\/vpdanses.fr\/wp-content\/uploads\/2024\/12\/2024-12-27_1714.VP_danses.Carte_Cadeau.jpg\",\"width\":576,\"height\":384,\"caption\":\"Carte Cadeau VP DANSES pour offrir un cours de danses de salon, de danses sportives \u00e0 ceux que vous aimez, Hazebrouck\"},{\"@type\":\"BreadcrumbList\",\"@id\":\"https:\/\/vpdanses.fr\/home\/bienvenue-chez-vp-danses-hazebrouck\/carte-exclusive-huit-cours-prives-vp-danses\/#breadcrumb\",\"itemListElement\":[{\"@type\":\"ListItem\",\"position\":1,\"name\":\"Accueil\",\"item\":\"https:\/\/vpdanses.fr\/home\/bienvenue-chez-vp-danses-hazebrouck\/\"},{\"@type\":\"ListItem\",\"position\":2,\"name\":\"Achetez une \u00ab\u00a0Carte Exclusive 8 cours priv\u00e9s VP DANSES\u00a0\u00bb !\"}]},{\"@type\":\"WebSite\",\"@id\":\"https:\/\/vpdanses.fr\/home\/bienvenue-chez-vp-danses-hazebrouck\/#website\",\"url\":\"https:\/\/vpdanses.fr\/home\/bienvenue-chez-vp-danses-hazebrouck\/\",\"name\":\"VP DANSES, cours de Danse Sportive \u00e0 Aire-sur-la-Lys et \u00e0 Saint-Jans-Cappel (Hauts-de-France)\",\"description\":\"Cours de Danse Sportive STANDARD (valse anglaise, tango, valse viennoise, slowfox, quickstep), danses sportives LATINES (samba, chacha, rumba, paso doble, jive), danses de bal, danses de salons, danses de loisirs, salsa, rock 4 temps, rock 6 temps, danses en ligne, disco, \u2026 Lieu : Hazebrouck, Aire-sur-la-Lys, Saint-Jans-Cappel et Isbergues (Hauts-de-France) - Cours Particuliers dans les Hauts-de-France - Ouverture de bal de Mariage\",\"publisher\":{\"@id\":\"https:\/\/vpdanses.fr\/home\/bienvenue-chez-vp-danses-hazebrouck\/#organization\"},\"potentialAction\":[{\"@type\":\"SearchAction\",\"target\":{\"@type\":\"EntryPoint\",\"urlTemplate\":\"https:\/\/vpdanses.fr\/home\/bienvenue-chez-vp-danses-hazebrouck\/?s={search_term_string}\"},\"query-input\":{\"@type\":\"PropertyValueSpecification\",\"valueRequired\":true,\"valueName\":\"search_term_string\"}}],\"inLanguage\":\"fr-FR\"},{\"@type\":\"Organization\",\"@id\":\"https:\/\/vpdanses.fr\/home\/bienvenue-chez-vp-danses-hazebrouck\/#organization\",\"name\":\"VP DANSES, cours de Danse Sportive \u00e0 Aire-sur-la-Lys et \u00e0 Saint-Jans-Cappel (Hauts-de-France)\",\"url\":\"https:\/\/vpdanses.fr\/home\/bienvenue-chez-vp-danses-hazebrouck\/\",\"logo\":{\"@type\":\"ImageObject\",\"inLanguage\":\"fr-FR\",\"@id\":\"https:\/\/vpdanses.fr\/home\/bienvenue-chez-vp-danses-hazebrouck\/#\/schema\/logo\/image\/\",\"url\":\"https:\/\/vpdanses.fr\/wp-content\/uploads\/2024\/10\/logo_cadanse_asaintjans.jpeg\",\"contentUrl\":\"https:\/\/vpdanses.fr\/wp-content\/uploads\/2024\/10\/logo_cadanse_asaintjans.jpeg\",\"width\":225,\"height\":225,\"caption\":\"VP DANSES, cours de Danse Sportive \u00e0 Aire-sur-la-Lys et \u00e0 Saint-Jans-Cappel (Hauts-de-France)\"},\"image\":{\"@id\":\"https:\/\/vpdanses.fr\/home\/bienvenue-chez-vp-danses-hazebrouck\/#\/schema\/logo\/image\/\"}}]}<\/script>\n<!-- \/ Yoast SEO Premium plugin. -->","yoast_head_json":{"title":"Achetez une \"Carte Exclusive 8 cours priv\u00e9s VP DANSES\" ! - VP DANSES, cours de Danse Sportive \u00e0 Aire-sur-la-Lys et \u00e0 Saint-Jans-Cappel (Hauts-de-France)","robots":{"index":"index","follow":"follow","max-snippet":"max-snippet:-1","max-image-preview":"max-image-preview:large","max-video-preview":"max-video-preview:-1"},"canonical":"https:\/\/vpdanses.fr\/home\/bienvenue-chez-vp-danses-hazebrouck\/carte-exclusive-huit-cours-prives-vp-danses\/","og_locale":"fr_FR","og_type":"article","og_title":"Achetez une \"Carte Exclusive 8 cours priv\u00e9s VP DANSES\" !","og_description":"[vc_row][vc_column css=\u00a0\u00bb.vc_custom_1735319409680{margin-right: 20px !important;margin-left: 20px !important;border-right-width: 20px !important;border-left-width: 20px !important;padding-right: 20px !important;padding-left: 20px !important;}\u00a0\u00bb][vc_column_text css=\u00a0\u00bb\u00a0\u00bb] Lib\u00e9rez votre passion pour la danse avec notre Carte Exclusive 8 cours priv\u00e9s VP DANSES! [&hellip;]","og_url":"https:\/\/vpdanses.fr\/home\/bienvenue-chez-vp-danses-hazebrouck\/carte-exclusive-huit-cours-prives-vp-danses\/","og_site_name":"VP DANSES, cours de Danse Sportive \u00e0 Aire-sur-la-Lys et \u00e0 Saint-Jans-Cappel (Hauts-de-France)","og_image":[{"width":576,"height":384,"url":"https:\/\/vpdanses.fr\/wp-content\/uploads\/2024\/12\/2024-12-27_1714.VP_danses.Carte_Cadeau.jpg","type":"image\/jpeg"}],"twitter_card":"summary_large_image","twitter_misc":{"Dur\u00e9e de lecture estim\u00e9e":"1 minute"},"schema":{"@context":"https:\/\/schema.org","@graph":[{"@type":"WebPage","@id":"https:\/\/vpdanses.fr\/home\/bienvenue-chez-vp-danses-hazebrouck\/carte-exclusive-huit-cours-prives-vp-danses\/","url":"https:\/\/vpdanses.fr\/home\/bienvenue-chez-vp-danses-hazebrouck\/carte-exclusive-huit-cours-prives-vp-danses\/","name":"Achetez une \"Carte Exclusive 8 cours priv\u00e9s VP DANSES\" ! - VP DANSES, cours de Danse Sportive \u00e0 Aire-sur-la-Lys et \u00e0 Saint-Jans-Cappel (Hauts-de-France)","isPartOf":{"@id":"https:\/\/vpdanses.fr\/home\/bienvenue-chez-vp-danses-hazebrouck\/#website"},"primaryImageOfPage":{"@id":"https:\/\/vpdanses.fr\/home\/bienvenue-chez-vp-danses-hazebrouck\/carte-exclusive-huit-cours-prives-vp-danses\/#primaryimage"},"image":{"@id":"https:\/\/vpdanses.fr\/home\/bienvenue-chez-vp-danses-hazebrouck\/carte-exclusive-huit-cours-prives-vp-danses\/#primaryimage"},"thumbnailUrl":"https:\/\/vpdanses.fr\/wp-content\/uploads\/2024\/12\/2024-12-27_1714.VP_danses.Carte_Cadeau.jpg","datePublished":"2025-01-18T16:23:15+00:00","breadcrumb":{"@id":"https:\/\/vpdanses.fr\/home\/bienvenue-chez-vp-danses-hazebrouck\/carte-exclusive-huit-cours-prives-vp-danses\/#breadcrumb"},"inLanguage":"fr-FR","potentialAction":[{"@type":"ReadAction","target":["https:\/\/vpdanses.fr\/home\/bienvenue-chez-vp-danses-hazebrouck\/carte-exclusive-huit-cours-prives-vp-danses\/"]}]},{"@type":"ImageObject","inLanguage":"fr-FR","@id":"https:\/\/vpdanses.fr\/home\/bienvenue-chez-vp-danses-hazebrouck\/carte-exclusive-huit-cours-prives-vp-danses\/#primaryimage","url":"https:\/\/vpdanses.fr\/wp-content\/uploads\/2024\/12\/2024-12-27_1714.VP_danses.Carte_Cadeau.jpg","contentUrl":"https:\/\/vpdanses.fr\/wp-content\/uploads\/2024\/12\/2024-12-27_1714.VP_danses.Carte_Cadeau.jpg","width":576,"height":384,"caption":"Carte Cadeau VP DANSES pour offrir un cours de danses de salon, de danses sportives \u00e0 ceux que vous aimez, Hazebrouck"},{"@type":"BreadcrumbList","@id":"https:\/\/vpdanses.fr\/home\/bienvenue-chez-vp-danses-hazebrouck\/carte-exclusive-huit-cours-prives-vp-danses\/#breadcrumb","itemListElement":[{"@type":"ListItem","position":1,"name":"Accueil","item":"https:\/\/vpdanses.fr\/home\/bienvenue-chez-vp-danses-hazebrouck\/"},{"@type":"ListItem","position":2,"name":"Achetez une \u00ab\u00a0Carte Exclusive 8 cours priv\u00e9s VP DANSES\u00a0\u00bb !"}]},{"@type":"WebSite","@id":"https:\/\/vpdanses.fr\/home\/bienvenue-chez-vp-danses-hazebrouck\/#website","url":"https:\/\/vpdanses.fr\/home\/bienvenue-chez-vp-danses-hazebrouck\/","name":"VP DANSES, cours de Danse Sportive \u00e0 Aire-sur-la-Lys et \u00e0 Saint-Jans-Cappel (Hauts-de-France)","description":"Cours de Danse Sportive STANDARD (valse anglaise, tango, valse viennoise, slowfox, quickstep), danses sportives LATINES (samba, chacha, rumba, paso doble, jive), danses de bal, danses de salons, danses de loisirs, salsa, rock 4 temps, rock 6 temps, danses en ligne, disco, \u2026 Lieu : Hazebrouck, Aire-sur-la-Lys, Saint-Jans-Cappel et Isbergues (Hauts-de-France) - Cours Particuliers dans les Hauts-de-France - Ouverture de bal de Mariage","publisher":{"@id":"https:\/\/vpdanses.fr\/home\/bienvenue-chez-vp-danses-hazebrouck\/#organization"},"potentialAction":[{"@type":"SearchAction","target":{"@type":"EntryPoint","urlTemplate":"https:\/\/vpdanses.fr\/home\/bienvenue-chez-vp-danses-hazebrouck\/?s={search_term_string}"},"query-input":{"@type":"PropertyValueSpecification","valueRequired":true,"valueName":"search_term_string"}}],"inLanguage":"fr-FR"},{"@type":"Organization","@id":"https:\/\/vpdanses.fr\/home\/bienvenue-chez-vp-danses-hazebrouck\/#organization","name":"VP DANSES, cours de Danse Sportive \u00e0 Aire-sur-la-Lys et \u00e0 Saint-Jans-Cappel (Hauts-de-France)","url":"https:\/\/vpdanses.fr\/home\/bienvenue-chez-vp-danses-hazebrouck\/","logo":{"@type":"ImageObject","inLanguage":"fr-FR","@id":"https:\/\/vpdanses.fr\/home\/bienvenue-chez-vp-danses-hazebrouck\/#\/schema\/logo\/image\/","url":"https:\/\/vpdanses.fr\/wp-content\/uploads\/2024\/10\/logo_cadanse_asaintjans.jpeg","contentUrl":"https:\/\/vpdanses.fr\/wp-content\/uploads\/2024\/10\/logo_cadanse_asaintjans.jpeg","width":225,"height":225,"caption":"VP DANSES, cours de Danse Sportive \u00e0 Aire-sur-la-Lys et \u00e0 Saint-Jans-Cappel (Hauts-de-France)"},"image":{"@id":"https:\/\/vpdanses.fr\/home\/bienvenue-chez-vp-danses-hazebrouck\/#\/schema\/logo\/image\/"}}]}},"uagb_featured_image_src":{"full":["https:\/\/vpdanses.fr\/wp-content\/uploads\/2024\/12\/2024-12-27_1714.VP_danses.Carte_Cadeau.jpg",576,384,false],"thumbnail":["https:\/\/vpdanses.fr\/wp-content\/uploads\/2024\/12\/2024-12-27_1714.VP_danses.Carte_Cadeau-150x150.jpg",150,150,true],"medium":["https:\/\/vpdanses.fr\/wp-content\/uploads\/2024\/12\/2024-12-27_1714.VP_danses.Carte_Cadeau-300x200.jpg",300,200,true],"medium_large":["https:\/\/vpdanses.fr\/wp-content\/uploads\/2024\/12\/2024-12-27_1714.VP_danses.Carte_Cadeau.jpg",576,384,false],"large":["https:\/\/vpdanses.fr\/wp-content\/uploads\/2024\/12\/2024-12-27_1714.VP_danses.Carte_Cadeau.jpg",576,384,false],"1536x1536":["https:\/\/vpdanses.fr\/wp-content\/uploads\/2024\/12\/2024-12-27_1714.VP_danses.Carte_Cadeau.jpg",576,384,false],"2048x2048":["https:\/\/vpdanses.fr\/wp-content\/uploads\/2024\/12\/2024-12-27_1714.VP_danses.Carte_Cadeau.jpg",576,384,false],"vp_sm":["https:\/\/vpdanses.fr\/wp-content\/uploads\/2024\/12\/2024-12-27_1714.VP_danses.Carte_Cadeau.jpg",500,333,false],"vp_md":["https:\/\/vpdanses.fr\/wp-content\/uploads\/2024\/12\/2024-12-27_1714.VP_danses.Carte_Cadeau.jpg",576,384,false],"vp_lg":["https:\/\/vpdanses.fr\/wp-content\/uploads\/2024\/12\/2024-12-27_1714.VP_danses.Carte_Cadeau.jpg",576,384,false],"vp_xl":["https:\/\/vpdanses.fr\/wp-content\/uploads\/2024\/12\/2024-12-27_1714.VP_danses.Carte_Cadeau.jpg",576,384,false],"vp_sm_popup":["https:\/\/vpdanses.fr\/wp-content\/uploads\/2024\/12\/2024-12-27_1714.VP_danses.Carte_Cadeau.jpg",500,333,false],"vp_md_popup":["https:\/\/vpdanses.fr\/wp-content\/uploads\/2024\/12\/2024-12-27_1714.VP_danses.Carte_Cadeau.jpg",576,384,false],"vp_xl_popup":["https:\/\/vpdanses.fr\/wp-content\/uploads\/2024\/12\/2024-12-27_1714.VP_danses.Carte_Cadeau.jpg",576,384,false],"dance-blog-thumb":["https:\/\/vpdanses.fr\/wp-content\/uploads\/2024\/12\/2024-12-27_1714.VP_danses.Carte_Cadeau-150x120.jpg",150,120,true],"dance-event-list":["https:\/\/vpdanses.fr\/wp-content\/uploads\/2024\/12\/2024-12-27_1714.VP_danses.Carte_Cadeau-420x336.jpg",420,336,true],"dance-event-single-type1":["https:\/\/vpdanses.fr\/wp-content\/uploads\/2024\/12\/2024-12-27_1714.VP_danses.Carte_Cadeau.jpg",576,384,false],"dance-event-single-type4":["https:\/\/vpdanses.fr\/wp-content\/uploads\/2024\/12\/2024-12-27_1714.VP_danses.Carte_Cadeau-570x384.jpg",570,384,true],"dance-event-single-type5":["https:\/\/vpdanses.fr\/wp-content\/uploads\/2024\/12\/2024-12-27_1714.VP_danses.Carte_Cadeau.jpg",576,384,false],"dance-event-list2":["https:\/\/vpdanses.fr\/wp-content\/uploads\/2024\/12\/2024-12-27_1714.VP_danses.Carte_Cadeau-420x275.jpg",420,275,true]},"uagb_author_info":{"display_name":"VP DANSES","author_link":"https:\/\/vpdanses.fr\/home\/bienvenue-chez-vp-danses-hazebrouck\/author\/adminvp20241018\/"},"uagb_comment_info":0,"uagb_excerpt":"[vc_row][vc_column css=\u00a0\u00bb.vc_custom_1735319409680{margin-right: 20px !important;margin-left: 20px !important;border-right-width: 20px !important;border-left-width: 20px !important;padding-right: 20px !important;padding-left: 20px !important;}\u00a0\u00bb][vc_column_text css=\u00a0\u00bb\u00a0\u00bb] Lib\u00e9rez votre passion pour la danse avec notre Carte Exclusive 8 cours priv\u00e9s VP DANSES! [&hellip;]","jetpack_sharing_enabled":true,"ticketed":false,"_links":{"self":[{"href":"https:\/\/vpdanses.fr\/home\/bienvenue-chez-vp-danses-hazebrouck\/wp-json\/wp\/v2\/pages\/11223","targetHints":{"allow":["GET"]}}],"collection":[{"href":"https:\/\/vpdanses.fr\/home\/bienvenue-chez-vp-danses-hazebrouck\/wp-json\/wp\/v2\/pages"}],"about":[{"href":"https:\/\/vpdanses.fr\/home\/bienvenue-chez-vp-danses-hazebrouck\/wp-json\/wp\/v2\/types\/page"}],"author":[{"embeddable":true,"href":"https:\/\/vpdanses.fr\/home\/bienvenue-chez-vp-danses-hazebrouck\/wp-json\/wp\/v2\/users\/1"}],"replies":[{"embeddable":true,"href":"https:\/\/vpdanses.fr\/home\/bienvenue-chez-vp-danses-hazebrouck\/wp-json\/wp\/v2\/comments?post=11223"}],"version-history":[{"count":1,"href":"https:\/\/vpdanses.fr\/home\/bienvenue-chez-vp-danses-hazebrouck\/wp-json\/wp\/v2\/pages\/11223\/revisions"}],"predecessor-version":[{"id":11224,"href":"https:\/\/vpdanses.fr\/home\/bienvenue-chez-vp-danses-hazebrouck\/wp-json\/wp\/v2\/pages\/11223\/revisions\/11224"}],"wp:featuredmedia":[{"embeddable":true,"href":"https:\/\/vpdanses.fr\/home\/bienvenue-chez-vp-danses-hazebrouck\/wp-json\/wp\/v2\/media\/10802"}],"wp:attachment":[{"href":"https:\/\/vpdanses.fr\/home\/bienvenue-chez-vp-danses-hazebrouck\/wp-json\/wp\/v2\/media?parent=11223"}],"curies":[{"name":"wp","href":"https:\/\/api.w.org\/{rel}","templated":true}]}}